{"id":12,"date":"2015-02-26T18:22:29","date_gmt":"2015-02-26T18:22:29","guid":{"rendered":"http:\/\/mariat-sanz.name\/w\/?page_id=12"},"modified":"2020-11-14T17:02:39","modified_gmt":"2020-11-14T17:02:39","slug":"mas-alla-del-trabajo","status":"publish","type":"page","link":"https:\/\/mariat-sanz.name\/w\/mas-alla-del-trabajo\/","title":{"rendered":"M\u00e1s all\u00e1 del trabajo"},"content":{"rendered":"<p>Mi tiempo libre se divide entre la naturaleza y la pasi\u00f3n por la m\u00fasica.<br \/>\nLa primera, y la que m\u00e1s tiempo lleva instaurada en mi vida, la naturaleza a la cu\u00e1l llego gracias al escultismo. Gente joven con ganas de descubrir y explorar todo lo que el mundo nos proporciona. Y por supuesto no cesamos en la tarea de educar a todos aquellos chavales que participan en nuestras actividades.<\/p>\n<p>Por otro lado la m\u00fasica, pero dentro de la m\u00fasica el arte de interpretarla. Junto a mi hermano, Juan Antonio Sanz Garc\u00eda, hac\u00edamos baile de competici\u00f3n, y competimos en las dos modalidades existentes, Standar y Latino (2007-2013).<\/p>\n<div id='gallery-1' class='gallery galleryid-12 gallery-columns-4 gallery-size-thumbnail'><figure class='gallery-item'>\n\t\t\t<div class='gallery-icon portrait'>\n\t\t\t\t<img width=\"150\" height=\"150\" src=\"https:\/\/mariat-sanz.name\/w\/wp-content\/uploads\/2015\/02\/10-150x150.jpg\" class=\"attachment-thumbnail size-thumbnail\" alt=\"\" loading=\"lazy\" srcset=\"https:\/\/mariat-sanz.name\/w\/wp-content\/uploads\/2015\/02\/10-150x150.jpg 150w, https:\/\/mariat-sanz.name\/w\/wp-content\/uploads\/2015\/02\/10-100x100.jpg 100w\" sizes=\"100vw\" \/>\n\t\t\t<\/div><\/figure><figure class='gallery-item'>\n\t\t\t<div class='gallery-icon landscape'>\n\t\t\t\t<img width=\"150\" height=\"150\" src=\"https:\/\/mariat-sanz.name\/w\/wp-content\/uploads\/2015\/02\/76532_1558508294214_1580461938_1298798_4678074_n-150x150.jpg\" class=\"attachment-thumbnail size-thumbnail\" alt=\"\" loading=\"lazy\" srcset=\"https:\/\/mariat-sanz.name\/w\/wp-content\/uploads\/2015\/02\/76532_1558508294214_1580461938_1298798_4678074_n-150x150.jpg 150w, https:\/\/mariat-sanz.name\/w\/wp-content\/uploads\/2015\/02\/76532_1558508294214_1580461938_1298798_4678074_n-100x100.jpg 100w\" sizes=\"100vw\" \/>\n\t\t\t<\/div><\/figure><figure class='gallery-item'>\n\t\t\t<div class='gallery-icon landscape'>\n\t\t\t\t<img width=\"150\" height=\"150\" src=\"https:\/\/mariat-sanz.name\/w\/wp-content\/uploads\/2015\/02\/156598_1603629902226_1580461938_1382473_408222_n-150x150.jpg\" class=\"attachment-thumbnail size-thumbnail\" alt=\"\" loading=\"lazy\" srcset=\"https:\/\/mariat-sanz.name\/w\/wp-content\/uploads\/2015\/02\/156598_1603629902226_1580461938_1382473_408222_n-150x150.jpg 150w, https:\/\/mariat-sanz.name\/w\/wp-content\/uploads\/2015\/02\/156598_1603629902226_1580461938_1382473_408222_n-100x100.jpg 100w\" sizes=\"100vw\" \/>\n\t\t\t<\/div><\/figure><figure class='gallery-item'>\n\t\t\t<div class='gallery-icon landscape'>\n\t\t\t\t<img width=\"150\" height=\"150\" src=\"https:\/\/mariat-sanz.name\/w\/wp-content\/uploads\/2015\/02\/DSC_0591-150x150.jpg\" class=\"attachment-thumbnail size-thumbnail\" alt=\"\" loading=\"lazy\" srcset=\"https:\/\/mariat-sanz.name\/w\/wp-content\/uploads\/2015\/02\/DSC_0591-150x150.jpg 150w, https:\/\/mariat-sanz.name\/w\/wp-content\/uploads\/2015\/02\/DSC_0591-100x100.jpg 100w\" sizes=\"100vw\" \/>\n\t\t\t<\/div><\/figure><figure class='gallery-item'>\n\t\t\t<div class='gallery-icon landscape'>\n\t\t\t\t<img width=\"150\" height=\"150\" src=\"https:\/\/mariat-sanz.name\/w\/wp-content\/uploads\/2015\/02\/DSC_3429-150x150.jpg\" class=\"attachment-thumbnail size-thumbnail\" alt=\"\" loading=\"lazy\" srcset=\"https:\/\/mariat-sanz.name\/w\/wp-content\/uploads\/2015\/02\/DSC_3429-150x150.jpg 150w, https:\/\/mariat-sanz.name\/w\/wp-content\/uploads\/2015\/02\/DSC_3429-100x100.jpg 100w\" sizes=\"100vw\" \/>\n\t\t\t<\/div><\/figure><figure class='gallery-item'>\n\t\t\t<div class='gallery-icon landscape'>\n\t\t\t\t<img width=\"150\" height=\"150\" src=\"https:\/\/mariat-sanz.name\/w\/wp-content\/uploads\/2015\/02\/DSC_3511-150x150.jpg\" class=\"attachment-thumbnail size-thumbnail\" alt=\"\" loading=\"lazy\" srcset=\"https:\/\/mariat-sanz.name\/w\/wp-content\/uploads\/2015\/02\/DSC_3511-150x150.jpg 150w, https:\/\/mariat-sanz.name\/w\/wp-content\/uploads\/2015\/02\/DSC_3511-100x100.jpg 100w\" sizes=\"100vw\" \/>\n\t\t\t<\/div><\/figure><figure class='gallery-item'>\n\t\t\t<div class='gallery-icon landscape'>\n\t\t\t\t<img width=\"150\" height=\"150\" src=\"https:\/\/mariat-sanz.name\/w\/wp-content\/uploads\/2015\/02\/DSC_3527-150x150.jpg\" class=\"attachment-thumbnail size-thumbnail\" alt=\"\" loading=\"lazy\" srcset=\"https:\/\/mariat-sanz.name\/w\/wp-content\/uploads\/2015\/02\/DSC_3527-150x150.jpg 150w, https:\/\/mariat-sanz.name\/w\/wp-content\/uploads\/2015\/02\/DSC_3527-100x100.jpg 100w\" sizes=\"100vw\" \/>\n\t\t\t<\/div><\/figure><figure class='gallery-item'>\n\t\t\t<div class='gallery-icon landscape'>\n\t\t\t\t<img width=\"150\" height=\"150\" src=\"https:\/\/mariat-sanz.name\/w\/wp-content\/uploads\/2015\/02\/DSC01429-150x150.jpg\" class=\"attachment-thumbnail size-thumbnail\" alt=\"\" loading=\"lazy\" srcset=\"https:\/\/mariat-sanz.name\/w\/wp-content\/uploads\/2015\/02\/DSC01429-150x150.jpg 150w, https:\/\/mariat-sanz.name\/w\/wp-content\/uploads\/2015\/02\/DSC01429-100x100.jpg 100w\" sizes=\"100vw\" \/>\n\t\t\t<\/div><\/figure><figure class='gallery-item'>\n\t\t\t<div class='gallery-icon landscape'>\n\t\t\t\t<img width=\"150\" height=\"150\" src=\"https:\/\/mariat-sanz.name\/w\/wp-content\/uploads\/2015\/02\/family-150x150.jpg\" class=\"attachment-thumbnail size-thumbnail\" alt=\"\" loading=\"lazy\" srcset=\"https:\/\/mariat-sanz.name\/w\/wp-content\/uploads\/2015\/02\/family-150x150.jpg 150w, https:\/\/mariat-sanz.name\/w\/wp-content\/uploads\/2015\/02\/family-100x100.jpg 100w\" sizes=\"100vw\" \/>\n\t\t\t<\/div><\/figure><figure class='gallery-item'>\n\t\t\t<div class='gallery-icon landscape'>\n\t\t\t\t<img width=\"150\" height=\"150\" src=\"https:\/\/mariat-sanz.name\/w\/wp-content\/uploads\/2015\/02\/P2220456-150x150.jpg\" class=\"attachment-thumbnail size-thumbnail\" alt=\"\" loading=\"lazy\" srcset=\"https:\/\/mariat-sanz.name\/w\/wp-content\/uploads\/2015\/02\/P2220456-150x150.jpg 150w, https:\/\/mariat-sanz.name\/w\/wp-content\/uploads\/2015\/02\/P2220456-100x100.jpg 100w\" sizes=\"100vw\" \/>\n\t\t\t<\/div><\/figure>\n\t\t<\/div>\n\n<p>&nbsp;<\/p>\n","protected":false},"excerpt":{"rendered":"<p>Mi tiempo libre se divide entre la naturaleza y la pasi\u00f3n por la m\u00fasica. La primera, y la que m\u00e1s tiempo lleva instaurada en mi vida, la naturaleza a la cu\u00e1l llego gracias al escultismo. Gente joven con ganas de descubrir y explorar todo lo que el mundo nos proporciona. Y por supuesto no cesamos &hellip; <\/p>\n<p class=\"link-more\"><a href=\"https:\/\/mariat-sanz.name\/w\/mas-alla-del-trabajo\/\" class=\"more-link\">Continuar leyendo<span class=\"screen-reader-text\"> \u00abM\u00e1s all\u00e1 del trabajo\u00bb<\/span><\/a><\/p>\n","protected":false},"author":1,"featured_media":0,"parent":0,"menu_order":0,"comment_status":"closed","ping_status":"open","template":"","meta":[],"_links":{"self":[{"href":"https:\/\/mariat-sanz.name\/w\/wp-json\/wp\/v2\/pages\/12"}],"collection":[{"href":"https:\/\/mariat-sanz.name\/w\/wp-json\/wp\/v2\/pages"}],"about":[{"href":"https:\/\/mariat-sanz.name\/w\/wp-json\/wp\/v2\/types\/page"}],"author":[{"embeddable":true,"href":"https:\/\/mariat-sanz.name\/w\/wp-json\/wp\/v2\/users\/1"}],"replies":[{"embeddable":true,"href":"https:\/\/mariat-sanz.name\/w\/wp-json\/wp\/v2\/comments?post=12"}],"version-history":[{"count":13,"href":"https:\/\/mariat-sanz.name\/w\/wp-json\/wp\/v2\/pages\/12\/revisions"}],"predecessor-version":[{"id":205,"href":"https:\/\/mariat-sanz.name\/w\/wp-json\/wp\/v2\/pages\/12\/revisions\/205"}],"wp:attachment":[{"href":"https:\/\/mariat-sanz.name\/w\/wp-json\/wp\/v2\/media?parent=12"}],"curies":[{"name":"wp","href":"https:\/\/api.w.org\/{rel}","templated":true}]}}