{"id":4,"date":"2015-02-26T17:45:31","date_gmt":"2015-02-26T17:45:31","guid":{"rendered":"http:\/\/mariat-sanz.name\/w\/?page_id=4"},"modified":"2015-02-26T18:07:08","modified_gmt":"2015-02-26T18:07:08","slug":"acuerdate-de-lo-bueno","status":"publish","type":"page","link":"https:\/\/mariat-sanz.name\/w\/","title":{"rendered":"Acu\u00e9rdate de lo bueno"},"content":{"rendered":"<p>Cuando el cielo este gris, acu\u00e9rdate cuando lo viste profundamente azul.<br \/>\nCuando sientas fr\u00edo, piensa en un sol radiante que ya te ha calentado.<br \/>\nCuando sufras una temporal derrota, acu\u00e9rdate de tus triunfos y de tus logros.<br \/>\nCuando necesites amor, revive tus experiencias de afecto y ternura.<br \/>\nAcu\u00e9rdate de lo que has vivido y de lo que has dado con alegr\u00eda.<br \/>\nRecuerda los regalos que te han hecho, los abrazos y besos que te han dado, los paisajes que has disfrutado y las risas que de ti han brotado.<br \/>\nSi esto has tenido, lo puedes volver a tener y lo que has logrado, lo puedes volver a ganar.<br \/>\nAl\u00e9grate por lo bueno que tienes y por lo bueno de los dem\u00e1s, ac\u00e9ptalos tal cual son;<br \/>\nDesecha los recuerdos tristes y dolorosos, y sobre todo no tengas ning\u00fan rencor, no te lastimes m\u00e1s.<br \/>\nPiensa en lo bueno, en lo amable, en lo bello y en la verdad.<br \/>\nRecorre tu vida, detente en donde haya bellos recuerdos y emociones sanas y v\u00edvelas otra vez.<br \/>\nVisualiza aquel atardecer que te emocion\u00f3.<br \/>\nRevive esa caricia espont\u00e1nea que se te dio.<br \/>\nDisfruta nuevamente de la paz que ya has conocido, piensa y vive bien.<br \/>\nAll\u00ed en tu mente est\u00e1n guardadas todas las im\u00e1genes;<br \/>\n\u00a1Y s\u00f3lo t\u00fa decides cu\u00e1les has de volver a mirar!.<br \/>\nNo hay carga que se nos d\u00e9 y no tengamos la capacidad de llevar.<br \/>\nBusca siempre vivir el presente aprendiendo del pasado, no cargues con situaciones y problemas que ya han pasado.<br \/>\nPiensa en \u00e9sto:<br \/>\n\u00bfCu\u00e1l era tu mayor problema hace 10 a\u00f1os?<br \/>\nProbablemente ahora sea nada.<br \/>\nAhora, si dentro de 10 a\u00f1os tus problemas actuales no han de ser nada&#8230;<br \/>\n\u00bfPor qu\u00e9 vivir tristes por ellos?<br \/>\nFdo. Madre Teresa de Calcuta<\/p>\n","protected":false},"excerpt":{"rendered":"<p>Cuando el cielo este gris, acu\u00e9rdate cuando lo viste profundamente azul. Cuando sientas fr\u00edo, piensa en un sol radiante que ya te ha calentado. Cuando sufras una temporal derrota, acu\u00e9rdate de tus triunfos y de tus logros. Cuando necesites amor, revive tus experiencias de afecto y ternura. Acu\u00e9rdate de lo que has vivido y de &hellip; <\/p>\n<p class=\"link-more\"><a href=\"https:\/\/mariat-sanz.name\/w\/\" class=\"more-link\">Continuar leyendo<span class=\"screen-reader-text\"> \u00abAcu\u00e9rdate de lo bueno\u00bb<\/span><\/a><\/p>\n","protected":false},"author":1,"featured_media":0,"parent":0,"menu_order":0,"comment_status":"closed","ping_status":"open","template":"","meta":[],"_links":{"self":[{"href":"https:\/\/mariat-sanz.name\/w\/wp-json\/wp\/v2\/pages\/4"}],"collection":[{"href":"https:\/\/mariat-sanz.name\/w\/wp-json\/wp\/v2\/pages"}],"about":[{"href":"https:\/\/mariat-sanz.name\/w\/wp-json\/wp\/v2\/types\/page"}],"author":[{"embeddable":true,"href":"https:\/\/mariat-sanz.name\/w\/wp-json\/wp\/v2\/users\/1"}],"replies":[{"embeddable":true,"href":"https:\/\/mariat-sanz.name\/w\/wp-json\/wp\/v2\/comments?post=4"}],"version-history":[{"count":1,"href":"https:\/\/mariat-sanz.name\/w\/wp-json\/wp\/v2\/pages\/4\/revisions"}],"predecessor-version":[{"id":5,"href":"https:\/\/mariat-sanz.name\/w\/wp-json\/wp\/v2\/pages\/4\/revisions\/5"}],"wp:attachment":[{"href":"https:\/\/mariat-sanz.name\/w\/wp-json\/wp\/v2\/media?parent=4"}],"curies":[{"name":"wp","href":"https:\/\/api.w.org\/{rel}","templated":true}]}}